{"id":108,"date":"2019-06-08T00:07:57","date_gmt":"2019-06-07T22:07:57","guid":{"rendered":"http:\/\/apparthotelmarseille.com\/?page_id=108"},"modified":"2020-09-12T12:41:32","modified_gmt":"2020-09-12T10:41:32","slug":"reservation","status":"publish","type":"page","link":"https:\/\/apparthotelmarseille.com\/?page_id=108","title":{"rendered":"R\u00e9server"},"content":{"rendered":"<p><img loading=\"lazy\" class=\"alignnone wp-image-109 alignleft\" src=\"http:\/\/apparthotelmarseille.com\/wp-content\/uploads\/2019\/06\/Capture-d\u2019e\u0301cran-2019-06-07-a\u0300-23.43.52.png\" alt=\"\" width=\"273\" height=\"134\" srcset=\"https:\/\/apparthotelmarseille.com\/wp-content\/uploads\/2019\/06\/Capture-d\u2019e\u0301cran-2019-06-07-a\u0300-23.43.52.png 543w, https:\/\/apparthotelmarseille.com\/wp-content\/uploads\/2019\/06\/Capture-d\u2019e\u0301cran-2019-06-07-a\u0300-23.43.52-300x148.png 300w\" sizes=\"(max-width: 273px) 100vw, 273px\" \/><\/p>\n<p>&nbsp;<\/p>\n<p>&nbsp;<\/p>\n<p>&nbsp;<\/p>\n<p>&nbsp;<\/p>\n<p>Voici le lien vers la plateforme de r\u00e9servation s\u00e9curis\u00e9e de notre partenaire Beds24:<\/p>\n<p><!-- bookingWidget requires jQuery and jQueryUI --><br \/>\n<!-- Include the following line ONCE ONLY on the page, preferably in the document head --><br \/>\n<script src='https:\/\/media.xmlcal.com\/widget\/1.00\/js\/bookWidget.min.js'><\/script><\/p>\n<p><!-- Place this div on your page where you want the widget to show --><\/p>\n<div id='bookWidget-43018-73799-0-1599906788'> <\/div>\n<p><!-- The following will initialize the widget in the above div --><br \/>\n<script>\njQuery(document).ready(function() {\n\tjQuery('#bookWidget-43018-73799-0-1599906788').bookWidget({\n\t\tpropid:73799,\n\t\tdateFormat:'dd.mm.y',\n\t\tdateSelection:2,\n\t\tdefaultNightsAdvance:1,\n\t\tdefaultNumAdult:2,\n\t\tdefaultNumNight:2,\n\t\tformAction:'https:\/\/beds24.com\/booking.php',\n\t\tformTarget:'bookingWindow',\n\t\tmaxAdult:4,\n\t\tpeopleSelection:1,\n\t\tweekFirstDay:1,\n\t\twidgetLang:'fr',\n\t\twidgetType:'BookingStrip'\n\t});\n});\n<\/script><\/p>\n<p>&nbsp;<\/p>\n<p>-Tarif Standard 49 euros seulement par nuit (Pour 2 personnes, varie selon les saisons)<\/p>\n<p>-Caution de 250 euros ou 350 euros par s\u00e9jour ( encaissement d\u00e9pendant uniquement de la casse occasionn\u00e9e).<\/p>\n<p>-Pr\u00e9-paiement \u00e0 la r\u00e9servation du montant du s\u00e9jour rembours\u00e9 int\u00e9gralement en cas d&#8217;annulation au moins 20 jours avant la date d&#8217;arriv\u00e9e.<\/p>\n<p>-Frais de m\u00e9nage unique de 35 euros par s\u00e9jour ( ne comprend pas la cuisine)<\/p>\n<p>-Taxe de s\u00e9jour&#8230;&#8230;euros par jour et par personne.<\/p>\n<p>-Des questions utiliser le formulaire <a href=\"http:\/\/apparthotelmarseille.com\/?page_id=75\">contact<\/a><\/p>\n<p>&nbsp;<\/p>\n","protected":false},"excerpt":{"rendered":"<p>&nbsp; &nbsp; &nbsp; &nbsp; Voici le lien vers la plateforme de r\u00e9servation s\u00e9curis\u00e9e de notre partenaire Beds24: &nbsp; -Tarif Standard 49 euros seulement par nuit (Pour 2 personnes, varie selon les saisons) -Caution de 250 euros ou 350 euros par s\u00e9jour ( encaissement d\u00e9pendant uniquement de la casse occasionn\u00e9e). -Pr\u00e9-paiement \u00e0 la r\u00e9servation du montant [&hellip;]<\/p>\n","protected":false},"author":1,"featured_media":0,"parent":0,"menu_order":0,"comment_status":"closed","ping_status":"closed","template":"","meta":[],"yoast_head":"<!-- This site is optimized with the Yoast SEO plugin v15.2 - https:\/\/yoast.com\/wordpress\/plugins\/seo\/ -->\n<title>R\u00e9server - AppartHotel Marseille<\/title>\n<meta name=\"robots\" content=\"index, follow, max-snippet:-1, max-image-preview:large, max-video-preview:-1\" \/>\n<link rel=\"canonical\" href=\"https:\/\/apparthotelmarseille.com\/?page_id=108\" \/>\n<meta property=\"og:locale\" content=\"en_US\" \/>\n<meta property=\"og:type\" content=\"article\" \/>\n<meta property=\"og:title\" content=\"R\u00e9server - AppartHotel Marseille\" \/>\n<meta property=\"og:description\" content=\"&nbsp; &nbsp; &nbsp; &nbsp; Voici le lien vers la plateforme de r\u00e9servation s\u00e9curis\u00e9e de notre partenaire Beds24: &nbsp; -Tarif Standard 49 euros seulement par nuit (Pour 2 personnes, varie selon les saisons) -Caution de 250 euros ou 350 euros par s\u00e9jour ( encaissement d\u00e9pendant uniquement de la casse occasionn\u00e9e). -Pr\u00e9-paiement \u00e0 la r\u00e9servation du montant [&hellip;]\" \/>\n<meta property=\"og:url\" content=\"https:\/\/apparthotelmarseille.com\/?page_id=108\" \/>\n<meta property=\"og:site_name\" content=\"AppartHotel Marseille\" \/>\n<meta property=\"article:modified_time\" content=\"2020-09-12T10:41:32+00:00\" \/>\n<meta property=\"og:image\" content=\"http:\/\/apparthotelmarseille.com\/wp-content\/uploads\/2019\/06\/Capture-d\u2019e\u0301cran-2019-06-07-a\u0300-23.43.52.png\" \/>\n<meta name=\"twitter:card\" content=\"summary_large_image\" \/>\n<meta name=\"twitter:label1\" value=\"Written by\">\n\t<meta name=\"twitter:data1\" value=\"admin2046\">\n\t<meta name=\"twitter:label2\" value=\"Est. reading time\">\n\t<meta name=\"twitter:data2\" value=\"0 minutes\">\n<script type=\"application\/ld+json\" class=\"yoast-schema-graph\">{\"@context\":\"https:\/\/schema.org\",\"@graph\":[{\"@type\":\"WebSite\",\"@id\":\"http:\/\/apparthotelmarseille.com\/#website\",\"url\":\"http:\/\/apparthotelmarseille.com\/\",\"name\":\"AppartHotel Marseille\",\"description\":\"l&#039;An\\u00e9mone une exp\\u00e9rience unique pour votre s\\u00e9jour \\u00e0 Marseille\",\"potentialAction\":[{\"@type\":\"SearchAction\",\"target\":\"http:\/\/apparthotelmarseille.com\/?s={search_term_string}\",\"query-input\":\"required name=search_term_string\"}],\"inLanguage\":\"en-US\"},{\"@type\":\"ImageObject\",\"@id\":\"https:\/\/apparthotelmarseille.com\/?page_id=108#primaryimage\",\"inLanguage\":\"en-US\",\"url\":\"http:\/\/apparthotelmarseille.com\/wp-content\/uploads\/2019\/06\/Capture-d\\u2019e\\u0301cran-2019-06-07-a\\u0300-23.43.52.png\"},{\"@type\":\"WebPage\",\"@id\":\"https:\/\/apparthotelmarseille.com\/?page_id=108#webpage\",\"url\":\"https:\/\/apparthotelmarseille.com\/?page_id=108\",\"name\":\"R\\u00e9server - AppartHotel Marseille\",\"isPartOf\":{\"@id\":\"http:\/\/apparthotelmarseille.com\/#website\"},\"primaryImageOfPage\":{\"@id\":\"https:\/\/apparthotelmarseille.com\/?page_id=108#primaryimage\"},\"datePublished\":\"2019-06-07T22:07:57+00:00\",\"dateModified\":\"2020-09-12T10:41:32+00:00\",\"inLanguage\":\"en-US\",\"potentialAction\":[{\"@type\":\"ReadAction\",\"target\":[\"https:\/\/apparthotelmarseille.com\/?page_id=108\"]}]}]}<\/script>\n<!-- \/ Yoast SEO plugin. -->","_links":{"self":[{"href":"https:\/\/apparthotelmarseille.com\/index.php?rest_route=\/wp\/v2\/pages\/108"}],"collection":[{"href":"https:\/\/apparthotelmarseille.com\/index.php?rest_route=\/wp\/v2\/pages"}],"about":[{"href":"https:\/\/apparthotelmarseille.com\/index.php?rest_route=\/wp\/v2\/types\/page"}],"author":[{"embeddable":true,"href":"https:\/\/apparthotelmarseille.com\/index.php?rest_route=\/wp\/v2\/users\/1"}],"replies":[{"embeddable":true,"href":"https:\/\/apparthotelmarseille.com\/index.php?rest_route=%2Fwp%2Fv2%2Fcomments&post=108"}],"version-history":[{"count":7,"href":"https:\/\/apparthotelmarseille.com\/index.php?rest_route=\/wp\/v2\/pages\/108\/revisions"}],"predecessor-version":[{"id":129,"href":"https:\/\/apparthotelmarseille.com\/index.php?rest_route=\/wp\/v2\/pages\/108\/revisions\/129"}],"wp:attachment":[{"href":"https:\/\/apparthotelmarseille.com\/index.php?rest_route=%2Fwp%2Fv2%2Fmedia&parent=108"}],"curies":[{"name":"wp","href":"https:\/\/api.w.org\/{rel}","templated":true}]}}