{"id":32,"date":"2019-06-07T15:52:35","date_gmt":"2019-06-07T13:52:35","guid":{"rendered":"http:\/\/apparthotelmarseille.com\/?page_id=32"},"modified":"2019-06-08T00:36:08","modified_gmt":"2019-06-07T22:36:08","slug":"accueil","status":"publish","type":"page","link":"https:\/\/apparthotelmarseille.com\/?page_id=32","title":{"rendered":"l&#8217;An\u00e9mone les pieds dans l&#8217;eau 4P"},"content":{"rendered":"<p><!-- bookingWidget requires jQuery and jQueryUI --><br \/>\n<!-- Include the following line ONCE ONLY on the page, preferably in the document head --><br \/>\n<script src='https:\/\/media.xmlcal.com\/widget\/1.00\/js\/bookWidget.min.js'><\/script><\/p>\n<p><!-- Place this div on your page where you want the widget to show --><\/p>\n<div id=\"bookWidget-43018-73799-0-1559942176\"><\/div>\n<p><!-- The following will initialize the widget in the above div --><br \/>\n<script>\njQuery(document).ready(function() {\n\tjQuery('#bookWidget-43018-73799-0-1559942176').bookWidget({\n\t\tpropid:73799,\n\t\tdateFormat:'dd\/mm\/y',\n\t\tdateSelection:2,\n\t\tdefaultNightsAdvance:1,\n\t\tdefaultNumAdult:4,\n\t\tdefaultNumNight:2,\n\t\tformAction:'https:\/\/www.beds24.com\/booking.php',\n\t\tformTarget:'bookingWindow',\n\t\tmaxAdult:4,\n\t\tpeopleSelection:1,\n\t\tweekFirstDay:1,\n\t\twidgetLang:'fr',\n\t\twidgetType:'BookingStrip'\n\t});\n});\n<\/script><br \/>\n<style type=\"text\/css\">.easingslider-47 { width: 100%; }.easingslider-47 .easingslider-image { max-height: 800px; max-width: 1280px; }.easingslider-47 .easingslider-fade-in, .easingslider-fade-out { -webkit-animation-duration: 800ms; -moz-animation-duration: 800ms; animation-duration: 800ms; }<\/style><script type=\"text\/javascript\">window.EasingSlider47 = {\"width\":1280,\"height\":800,\"singleItem\":true,\"items\":1,\"itemsDesktop\":false,\"itemsDesktopSmall\":false,\"itemsTablet\":false,\"itemsTabletSmall\":false,\"itemsMobile\":false,\"responsive\":true,\"lazyLoad\":true,\"autoPlay\":4000,\"slideSpeed\":800,\"navigation\":true,\"navigationText\":[\"\",\"\"],\"pagination\":true,\"autoHeight\":false,\"mouseDrag\":false,\"touchDrag\":false,\"addClassActive\":true,\"transitionStyle\":false};<\/script><div data-id=\"47\" class=\"easingslider easingslider-47 easingslider-container easingslider-full-width easingslider-resizing-enabled easingslider-aspect-ratio easingslider-arrows-inside easingslider-pagination-inside easingslider-pagination-bottom-center\"><div class=\"easingslider-slide\"><img src=\"https:\/\/apparthotelmarseille.com\/wp-content\/plugins\/easing-slider\/assets\/images\/placeholder-pixel.png\" data-src=\"https:\/\/apparthotelmarseille.com\/wp-content\/uploads\/2019\/06\/Capture-de\u0301cran-2019-03-12-22.08.52-1280x800.png\" alt=\"\" title=\"\" class=\"easingslider-image easingslider-lazy\" \/><\/div><div class=\"easingslider-slide\"><img src=\"https:\/\/apparthotelmarseille.com\/wp-content\/plugins\/easing-slider\/assets\/images\/placeholder-pixel.png\" data-src=\"https:\/\/apparthotelmarseille.com\/wp-content\/uploads\/2019\/06\/Capture-de\u0301cran-2019-03-12-22.18.25-1280x800.png\" alt=\"\" title=\"\" class=\"easingslider-image easingslider-lazy\" \/><\/div><div class=\"easingslider-slide\"><img src=\"https:\/\/apparthotelmarseille.com\/wp-content\/plugins\/easing-slider\/assets\/images\/placeholder-pixel.png\" data-src=\"https:\/\/apparthotelmarseille.com\/wp-content\/uploads\/2019\/06\/Capture-de\u0301cran-2019-03-12-22.18.08-1280x800.png\" alt=\"\" title=\"\" class=\"easingslider-image easingslider-lazy\" \/><\/div><div class=\"easingslider-slide\"><img src=\"https:\/\/apparthotelmarseille.com\/wp-content\/plugins\/easing-slider\/assets\/images\/placeholder-pixel.png\" data-src=\"https:\/\/apparthotelmarseille.com\/wp-content\/uploads\/2019\/06\/Capture-de\u0301cran-2019-03-12-22.17.54-1280x800.png\" alt=\"\" title=\"\" class=\"easingslider-image easingslider-lazy\" \/><\/div><div class=\"easingslider-slide\"><img src=\"https:\/\/apparthotelmarseille.com\/wp-content\/plugins\/easing-slider\/assets\/images\/placeholder-pixel.png\" data-src=\"https:\/\/apparthotelmarseille.com\/wp-content\/uploads\/2019\/06\/Capture-de\u0301cran-2019-03-12-22.12.38-1280x800.png\" alt=\"\" title=\"\" class=\"easingslider-image easingslider-lazy\" \/><\/div><div class=\"easingslider-slide\"><img src=\"https:\/\/apparthotelmarseille.com\/wp-content\/plugins\/easing-slider\/assets\/images\/placeholder-pixel.png\" data-src=\"https:\/\/apparthotelmarseille.com\/wp-content\/uploads\/2019\/06\/Capture-de\u0301cran-2019-03-12-22.07.58-1280x800.png\" alt=\"\" title=\"\" class=\"easingslider-image easingslider-lazy\" \/><\/div><div class=\"easingslider-slide\"><img src=\"https:\/\/apparthotelmarseille.com\/wp-content\/plugins\/easing-slider\/assets\/images\/placeholder-pixel.png\" data-src=\"https:\/\/apparthotelmarseille.com\/wp-content\/uploads\/2019\/06\/Capture-de\u0301cran-2019-03-12-22.08.20-1280x800.png\" alt=\"\" title=\"\" class=\"easingslider-image easingslider-lazy\" \/><\/div><div class=\"easingslider-slide\"><img src=\"https:\/\/apparthotelmarseille.com\/wp-content\/plugins\/easing-slider\/assets\/images\/placeholder-pixel.png\" data-src=\"https:\/\/apparthotelmarseille.com\/wp-content\/uploads\/2019\/06\/Capture-de\u0301cran-2019-03-12-22.08.37-1280x800.png\" alt=\"\" title=\"\" class=\"easingslider-image easingslider-lazy\" \/><\/div><div class=\"easingslider-slide\"><img src=\"https:\/\/apparthotelmarseille.com\/wp-content\/plugins\/easing-slider\/assets\/images\/placeholder-pixel.png\" data-src=\"https:\/\/apparthotelmarseille.com\/wp-content\/uploads\/2019\/06\/Capture-de\u0301cran-2019-03-12-22.07.41-1280x800.png\" alt=\"\" title=\"\" class=\"easingslider-image easingslider-lazy\" \/><\/div><div class=\"easingslider-slide\"><img src=\"https:\/\/apparthotelmarseille.com\/wp-content\/plugins\/easing-slider\/assets\/images\/placeholder-pixel.png\" data-src=\"https:\/\/apparthotelmarseille.com\/wp-content\/uploads\/2019\/06\/Capture-de\u0301cran-2019-03-12-22.07.27-1280x800.png\" alt=\"\" title=\"\" class=\"easingslider-image easingslider-lazy\" \/><\/div><div class=\"easingslider-slide\"><img src=\"https:\/\/apparthotelmarseille.com\/wp-content\/plugins\/easing-slider\/assets\/images\/placeholder-pixel.png\" data-src=\"https:\/\/apparthotelmarseille.com\/wp-content\/uploads\/2019\/06\/Capture-de\u0301cran-2019-03-12-22.06.28-1280x800.png\" alt=\"\" title=\"\" class=\"easingslider-image easingslider-lazy\" \/><\/div><div class=\"easingslider-slide\"><img src=\"https:\/\/apparthotelmarseille.com\/wp-content\/plugins\/easing-slider\/assets\/images\/placeholder-pixel.png\" data-src=\"https:\/\/apparthotelmarseille.com\/wp-content\/uploads\/2019\/06\/Capture-de\u0301cran-2019-03-12-22.06.09-1280x800.png\" alt=\"\" title=\"\" class=\"easingslider-image easingslider-lazy\" \/><\/div><div class=\"easingslider-slide\"><img src=\"https:\/\/apparthotelmarseille.com\/wp-content\/plugins\/easing-slider\/assets\/images\/placeholder-pixel.png\" data-src=\"https:\/\/apparthotelmarseille.com\/wp-content\/uploads\/2019\/06\/Capture-de\u0301cran-2019-03-12-22.05.31-1-1280x800.png\" alt=\"\" title=\"\" class=\"easingslider-image easingslider-lazy\" \/><\/div><\/div><\/p>\n<h5>l&#8217;An\u00e9mone les Pieds dans l&#8217;Eau<\/h5>\n<p>Les atouts de cette appartement sont avant tout le Calme et le Confort. Cette apparthotel est id\u00e9alement situ\u00e9\u00a0au bord de mer, proche des commodit\u00e9s de transport .C\u2019est l\u2019emplacement id\u00e9al pour vos vacances ou voyages d\u2019affaire. De plus, sa situation vous permet de rayonner sur Marseille et ses environs tr\u00e8s facilement.<\/p>\n<h5><strong>Le logement<\/strong><\/h5>\n<p>Vous serez \u00e0 coup sur s\u00e9duit par notre charmant appartement enti\u00e8rement refait \u00e0 neuf. Donc id\u00e9alement situ\u00e9 en bord de mer proche de diff\u00e9rentes activit\u00e9s nautisme, p\u00eache, randonn\u00e9e, plong\u00e9e sous marine, surf, jet ski mais aussi entre de belles calanques ainsi que de belle r\u00e9serves naturelles et collines, Parc de quoi s\u2019initier au bon air tout en \u00e9tant pr\u00e8s des plages .<\/p>\n<p><img loading=\"lazy\" class=\"alignnone size-full wp-image-58\" src=\"http:\/\/apparthotelmarseille.com\/wp-content\/uploads\/2019\/06\/te\u0301le\u0301chargement-1.jpeg\" alt=\"\" width=\"284\" height=\"177\" \/><\/p>\n<p>A proximit\u00e9 imm\u00e9diate, vous trouverez tous les commerces et restaurants dont vous pouvez avoir besoin\u00a0 . Que ce soit pour les loisirs ou rendez vous d\u2019affaires. A proximit\u00e9 imm\u00e9diate, vous trouverez \u00e0 la fois tous les commerces et restaurants dont vous pouvez avoir besoin et \u00e9galement des endroits pour vous restaurer. Que ce soit pour les loisirs ou vos voyages d\u2019affaire sa situation est donc l\u2019endroit id\u00e9al pour rayonner facilement sur l\u2019Hypercentre ou les Calanque. En d&#8217;autre termes nous avons essay\u00e9 de penser \u00e0 tout pour votre s\u00e9jour.<\/p>\n<h5>Pratique :<\/h5>\n<p>\u2013 Avant votre arriv\u00e9e nous vous envoyons notre guide personnel pour pr\u00e9parer au mieux votre visite, il retrace tous les aspects pratiques de votre s\u00e9jour (logement, commerces, bars restaurants, urgences\u2026) ainsi qu\u2019un itin\u00e9raire conseill\u00e9 pour ne pas louper les \u201cessentiels\u201d de Marseille.<\/p>\n<p>\u2013 Plan de Marseille fourni \u00e0 votre arriv\u00e9e<\/p>\n<p>\u2013 Le guide de bienvenue disponible dans votre logement.<\/p>\n<p>\u2013 Bons plans pour d\u00e9couvrir Marseille (Lieux \u00e0 ne pas manquer, P\u00e2tisserie, Restos, Bars\u2026)<\/p>\n<p>\u2013 Arriv\u00e9e \u00e0 partir de 17h<\/p>\n<p>\u2013 D\u00e9part avant 11H30<\/p>\n<h5>Confort :<\/h5>\n<p>\u2013 La r\u00e9sidence est s\u00e9curis\u00e9e<\/p>\n<p>\u2013 Cuisine \u00e9quip\u00e9e (Micro-ondes, four grill, cafeti\u00e8re \u00e0 dosettes, grille-pain, bouilloire, plaques de cuisson, casseroles, vaisselle\u2026)et fournie (Sel, Poivre, Huile, Pates\u2026)<\/p>\n<p>\u2013 N\u00e9cessaire de toilette , produits de douche, S\u00e8che cheveux.<\/p>\n<p>\u2013 Wifi<\/p>\n<p>\u2013 TV HD<\/p>\n<p>\u2013 Lit Double confortable<\/p>\n<p>\u2013 Canap\u00e9 lit<\/p>\n<p>\u2013 Table de travail<\/p>\n<p>\u2013 Table de Repas<\/p>\n<p>\u2013 Lave linge<\/p>\n<p>\u2013 Table et fer \u00e0 repasser<br \/>\nAcc\u00e8s des voyageurs<br \/>\nSituation G\u00e9ographique :<\/p>\n<p>\u2013 23 Traverse Prat 13008 Marseille<\/p>\n<h5>Stationnement et Acc\u00e8s :<\/h5>\n<p>\u2013 \u00ab\u00a0 \u00bb \u00bb \u00bbNon accessible aux personnes handicap\u00e9s \u00bb \u00bb \u00bb<\/p>\n<p>\u2013 Entr\u00e9e autonome\u00a0 syst\u00e8me a code et boite \u00e0 clef.<\/p>\n<p>\u00c9changes avec les voyageurs<\/p>\n<p>Pour conclure nous serons ravi de vous accueillir et de vous conseiller les meilleures adresses pour vous restaurer et pour sortir (large choix de brasseries, bistrots et autres restaurants).<\/p>\n<h5><a href=\"http:\/\/apparthotelmarseille.com\/?page_id=108\">&#8220;R\u00e9server&#8221;<\/a><\/h5>\n<p>&nbsp;<\/p>\n","protected":false},"excerpt":{"rendered":"<p>l&#8217;An\u00e9mone les Pieds dans l&#8217;Eau Les atouts de cette appartement sont avant tout le Calme et le Confort. Cette apparthotel est id\u00e9alement situ\u00e9\u00a0au bord de mer, proche des commodit\u00e9s de transport .C\u2019est l\u2019emplacement id\u00e9al pour vos vacances ou voyages d\u2019affaire. De plus, sa situation vous permet de rayonner sur Marseille et ses environs tr\u00e8s facilement. [&hellip;]<\/p>\n","protected":false},"author":1,"featured_media":0,"parent":0,"menu_order":0,"comment_status":"closed","ping_status":"closed","template":"","meta":[],"yoast_head":"<!-- This site is optimized with the Yoast SEO plugin v15.2 - https:\/\/yoast.com\/wordpress\/plugins\/seo\/ -->\n<title>AppartHotel meubl\u00e9 de tourisme \u00e0 Marseille l&#039;An\u00e9mone<\/title>\n<meta name=\"description\" content=\"AppartHotel meubl\u00e9 de tourisme \u00e0 Marseille l&#039;An\u00e9mone les pieds dans l&#039;eau 4 personnes - Calanque, R\u00e9serve Naturel ,Plage ,Plong\u00e9,Calme ,Confort\" \/>\n<meta name=\"robots\" content=\"index, follow, max-snippet:-1, max-image-preview:large, max-video-preview:-1\" \/>\n<link rel=\"canonical\" href=\"http:\/\/apparthotelmarseille.com\/?page_id=32\" \/>\n<meta property=\"og:locale\" content=\"en_US\" \/>\n<meta property=\"og:type\" content=\"article\" \/>\n<meta property=\"og:title\" content=\"AppartHotel meubl\u00e9 de tourisme \u00e0 Marseille l&#039;An\u00e9mone\" \/>\n<meta property=\"og:description\" content=\"AppartHotel meubl\u00e9 de tourisme \u00e0 Marseille l&#039;An\u00e9mone les pieds dans l&#039;eau 4 personnes - Calanque, R\u00e9serve Naturel ,Plage ,Plong\u00e9,Calme ,Confort\" \/>\n<meta property=\"og:url\" content=\"http:\/\/apparthotelmarseille.com\/?page_id=32\" \/>\n<meta property=\"og:site_name\" content=\"AppartHotel Marseille\" \/>\n<meta property=\"article:modified_time\" content=\"2019-06-07T22:36:08+00:00\" \/>\n<meta property=\"og:image\" content=\"http:\/\/apparthotelmarseille.com\/wp-content\/uploads\/2019\/06\/te\u0301le\u0301chargement-1.jpeg\" \/>\n<meta name=\"twitter:card\" content=\"summary_large_image\" \/>\n<meta name=\"twitter:label1\" value=\"Written by\">\n\t<meta name=\"twitter:data1\" value=\"admin2046\">\n\t<meta name=\"twitter:label2\" value=\"Est. reading time\">\n\t<meta name=\"twitter:data2\" value=\"2 minutes\">\n<script type=\"application\/ld+json\" class=\"yoast-schema-graph\">{\"@context\":\"https:\/\/schema.org\",\"@graph\":[{\"@type\":\"WebSite\",\"@id\":\"http:\/\/apparthotelmarseille.com\/#website\",\"url\":\"http:\/\/apparthotelmarseille.com\/\",\"name\":\"AppartHotel Marseille\",\"description\":\"l&#039;An\\u00e9mone une exp\\u00e9rience unique pour votre s\\u00e9jour \\u00e0 Marseille\",\"potentialAction\":[{\"@type\":\"SearchAction\",\"target\":\"http:\/\/apparthotelmarseille.com\/?s={search_term_string}\",\"query-input\":\"required name=search_term_string\"}],\"inLanguage\":\"en-US\"},{\"@type\":\"ImageObject\",\"@id\":\"http:\/\/apparthotelmarseille.com\/?page_id=32#primaryimage\",\"inLanguage\":\"en-US\",\"url\":\"http:\/\/apparthotelmarseille.com\/wp-content\/uploads\/2019\/06\/te\\u0301le\\u0301chargement-1.jpeg\"},{\"@type\":\"WebPage\",\"@id\":\"http:\/\/apparthotelmarseille.com\/?page_id=32#webpage\",\"url\":\"http:\/\/apparthotelmarseille.com\/?page_id=32\",\"name\":\"AppartHotel meubl\\u00e9 de tourisme \\u00e0 Marseille l'An\\u00e9mone\",\"isPartOf\":{\"@id\":\"http:\/\/apparthotelmarseille.com\/#website\"},\"primaryImageOfPage\":{\"@id\":\"http:\/\/apparthotelmarseille.com\/?page_id=32#primaryimage\"},\"datePublished\":\"2019-06-07T13:52:35+00:00\",\"dateModified\":\"2019-06-07T22:36:08+00:00\",\"description\":\"AppartHotel meubl\\u00e9 de tourisme \\u00e0 Marseille l'An\\u00e9mone les pieds dans l'eau 4 personnes - Calanque, R\\u00e9serve Naturel ,Plage ,Plong\\u00e9,Calme ,Confort\",\"inLanguage\":\"en-US\",\"potentialAction\":[{\"@type\":\"ReadAction\",\"target\":[\"http:\/\/apparthotelmarseille.com\/?page_id=32\"]}]}]}<\/script>\n<!-- \/ Yoast SEO plugin. -->","_links":{"self":[{"href":"https:\/\/apparthotelmarseille.com\/index.php?rest_route=\/wp\/v2\/pages\/32"}],"collection":[{"href":"https:\/\/apparthotelmarseille.com\/index.php?rest_route=\/wp\/v2\/pages"}],"about":[{"href":"https:\/\/apparthotelmarseille.com\/index.php?rest_route=\/wp\/v2\/types\/page"}],"author":[{"embeddable":true,"href":"https:\/\/apparthotelmarseille.com\/index.php?rest_route=\/wp\/v2\/users\/1"}],"replies":[{"embeddable":true,"href":"https:\/\/apparthotelmarseille.com\/index.php?rest_route=%2Fwp%2Fv2%2Fcomments&post=32"}],"version-history":[{"count":16,"href":"https:\/\/apparthotelmarseille.com\/index.php?rest_route=\/wp\/v2\/pages\/32\/revisions"}],"predecessor-version":[{"id":122,"href":"https:\/\/apparthotelmarseille.com\/index.php?rest_route=\/wp\/v2\/pages\/32\/revisions\/122"}],"wp:attachment":[{"href":"https:\/\/apparthotelmarseille.com\/index.php?rest_route=%2Fwp%2Fv2%2Fmedia&parent=32"}],"curies":[{"name":"wp","href":"https:\/\/api.w.org\/{rel}","templated":true}]}}