{"id":83,"date":"2019-06-07T22:18:58","date_gmt":"2019-06-07T20:18:58","guid":{"rendered":"http:\/\/apparthotelmarseille.com\/?page_id=83"},"modified":"2019-06-07T22:18:58","modified_gmt":"2019-06-07T20:18:58","slug":"vos-commentaire","status":"publish","type":"page","link":"https:\/\/apparthotelmarseille.com\/?page_id=83","title":{"rendered":"Vos Commentaires"},"content":{"rendered":"<h5>Voici les commentaires clients pr\u00e9sents sur les plateformes partenaires:<img loading=\"lazy\" class=\"alignnone size-full wp-image-97\" src=\"http:\/\/apparthotelmarseille.com\/wp-content\/uploads\/2019\/06\/Capture-d\u2019e\u0301cran-2019-06-07-a\u0300-21.54.54.png\" alt=\"\" width=\"528\" height=\"278\" srcset=\"https:\/\/apparthotelmarseille.com\/wp-content\/uploads\/2019\/06\/Capture-d\u2019e\u0301cran-2019-06-07-a\u0300-21.54.54.png 528w, https:\/\/apparthotelmarseille.com\/wp-content\/uploads\/2019\/06\/Capture-d\u2019e\u0301cran-2019-06-07-a\u0300-21.54.54-300x158.png 300w\" sizes=\"(max-width: 528px) 100vw, 528px\" \/><img loading=\"lazy\" class=\"alignnone size-full wp-image-84\" src=\"http:\/\/apparthotelmarseille.com\/wp-content\/uploads\/2019\/06\/Capture-d\u2019e\u0301cran-2019-06-07-a\u0300-21.34.27.png\" alt=\"\" width=\"709\" height=\"402\" srcset=\"https:\/\/apparthotelmarseille.com\/wp-content\/uploads\/2019\/06\/Capture-d\u2019e\u0301cran-2019-06-07-a\u0300-21.34.27.png 709w, https:\/\/apparthotelmarseille.com\/wp-content\/uploads\/2019\/06\/Capture-d\u2019e\u0301cran-2019-06-07-a\u0300-21.34.27-300x170.png 300w, https:\/\/apparthotelmarseille.com\/wp-content\/uploads\/2019\/06\/Capture-d\u2019e\u0301cran-2019-06-07-a\u0300-21.34.27-676x383.png 676w\" sizes=\"(max-width: 709px) 100vw, 709px\" \/> <img loading=\"lazy\" class=\"alignnone size-full wp-image-85\" src=\"http:\/\/apparthotelmarseille.com\/wp-content\/uploads\/2019\/06\/Capture-d\u2019e\u0301cran-2019-06-07-a\u0300-21.42.05.png\" alt=\"\" width=\"710\" height=\"826\" srcset=\"https:\/\/apparthotelmarseille.com\/wp-content\/uploads\/2019\/06\/Capture-d\u2019e\u0301cran-2019-06-07-a\u0300-21.42.05.png 710w, https:\/\/apparthotelmarseille.com\/wp-content\/uploads\/2019\/06\/Capture-d\u2019e\u0301cran-2019-06-07-a\u0300-21.42.05-258x300.png 258w, https:\/\/apparthotelmarseille.com\/wp-content\/uploads\/2019\/06\/Capture-d\u2019e\u0301cran-2019-06-07-a\u0300-21.42.05-676x786.png 676w\" sizes=\"(max-width: 710px) 100vw, 710px\" \/> <img loading=\"lazy\" class=\"alignnone size-full wp-image-86\" src=\"http:\/\/apparthotelmarseille.com\/wp-content\/uploads\/2019\/06\/Capture-d\u2019e\u0301cran-2019-06-07-a\u0300-21.42.52.png\" alt=\"\" width=\"710\" height=\"499\" srcset=\"https:\/\/apparthotelmarseille.com\/wp-content\/uploads\/2019\/06\/Capture-d\u2019e\u0301cran-2019-06-07-a\u0300-21.42.52.png 710w, https:\/\/apparthotelmarseille.com\/wp-content\/uploads\/2019\/06\/Capture-d\u2019e\u0301cran-2019-06-07-a\u0300-21.42.52-300x211.png 300w, https:\/\/apparthotelmarseille.com\/wp-content\/uploads\/2019\/06\/Capture-d\u2019e\u0301cran-2019-06-07-a\u0300-21.42.52-676x475.png 676w\" sizes=\"(max-width: 710px) 100vw, 710px\" \/> <img loading=\"lazy\" class=\"alignnone size-full wp-image-87\" src=\"http:\/\/apparthotelmarseille.com\/wp-content\/uploads\/2019\/06\/Capture-d\u2019e\u0301cran-2019-06-07-a\u0300-21.43.40.png\" alt=\"\" width=\"709\" height=\"666\" srcset=\"https:\/\/apparthotelmarseille.com\/wp-content\/uploads\/2019\/06\/Capture-d\u2019e\u0301cran-2019-06-07-a\u0300-21.43.40.png 709w, https:\/\/apparthotelmarseille.com\/wp-content\/uploads\/2019\/06\/Capture-d\u2019e\u0301cran-2019-06-07-a\u0300-21.43.40-300x282.png 300w, https:\/\/apparthotelmarseille.com\/wp-content\/uploads\/2019\/06\/Capture-d\u2019e\u0301cran-2019-06-07-a\u0300-21.43.40-676x635.png 676w\" sizes=\"(max-width: 709px) 100vw, 709px\" \/> <img loading=\"lazy\" class=\"alignnone size-full wp-image-88\" src=\"http:\/\/apparthotelmarseille.com\/wp-content\/uploads\/2019\/06\/Capture-d\u2019e\u0301cran-2019-06-07-a\u0300-21.43.59.png\" alt=\"\" width=\"709\" height=\"576\" srcset=\"https:\/\/apparthotelmarseille.com\/wp-content\/uploads\/2019\/06\/Capture-d\u2019e\u0301cran-2019-06-07-a\u0300-21.43.59.png 709w, https:\/\/apparthotelmarseille.com\/wp-content\/uploads\/2019\/06\/Capture-d\u2019e\u0301cran-2019-06-07-a\u0300-21.43.59-300x244.png 300w, https:\/\/apparthotelmarseille.com\/wp-content\/uploads\/2019\/06\/Capture-d\u2019e\u0301cran-2019-06-07-a\u0300-21.43.59-676x549.png 676w\" sizes=\"(max-width: 709px) 100vw, 709px\" \/> <img loading=\"lazy\" class=\"alignnone size-full wp-image-89\" src=\"http:\/\/apparthotelmarseille.com\/wp-content\/uploads\/2019\/06\/Capture-d\u2019e\u0301cran-2019-06-07-a\u0300-21.44.36.png\" alt=\"\" width=\"710\" height=\"666\" srcset=\"https:\/\/apparthotelmarseille.com\/wp-content\/uploads\/2019\/06\/Capture-d\u2019e\u0301cran-2019-06-07-a\u0300-21.44.36.png 710w, https:\/\/apparthotelmarseille.com\/wp-content\/uploads\/2019\/06\/Capture-d\u2019e\u0301cran-2019-06-07-a\u0300-21.44.36-300x281.png 300w, https:\/\/apparthotelmarseille.com\/wp-content\/uploads\/2019\/06\/Capture-d\u2019e\u0301cran-2019-06-07-a\u0300-21.44.36-676x634.png 676w\" sizes=\"(max-width: 710px) 100vw, 710px\" \/> <img loading=\"lazy\" class=\"alignnone size-full wp-image-90\" src=\"http:\/\/apparthotelmarseille.com\/wp-content\/uploads\/2019\/06\/Capture-d\u2019e\u0301cran-2019-06-07-a\u0300-21.45.09.png\" alt=\"\" width=\"710\" height=\"568\" srcset=\"https:\/\/apparthotelmarseille.com\/wp-content\/uploads\/2019\/06\/Capture-d\u2019e\u0301cran-2019-06-07-a\u0300-21.45.09.png 710w, https:\/\/apparthotelmarseille.com\/wp-content\/uploads\/2019\/06\/Capture-d\u2019e\u0301cran-2019-06-07-a\u0300-21.45.09-300x240.png 300w, https:\/\/apparthotelmarseille.com\/wp-content\/uploads\/2019\/06\/Capture-d\u2019e\u0301cran-2019-06-07-a\u0300-21.45.09-676x541.png 676w\" sizes=\"(max-width: 710px) 100vw, 710px\" \/> <img loading=\"lazy\" class=\"alignnone size-full wp-image-91\" src=\"http:\/\/apparthotelmarseille.com\/wp-content\/uploads\/2019\/06\/Capture-d\u2019e\u0301cran-2019-06-07-a\u0300-21.45.40.png\" alt=\"\" width=\"709\" height=\"515\" srcset=\"https:\/\/apparthotelmarseille.com\/wp-content\/uploads\/2019\/06\/Capture-d\u2019e\u0301cran-2019-06-07-a\u0300-21.45.40.png 709w, https:\/\/apparthotelmarseille.com\/wp-content\/uploads\/2019\/06\/Capture-d\u2019e\u0301cran-2019-06-07-a\u0300-21.45.40-300x218.png 300w, https:\/\/apparthotelmarseille.com\/wp-content\/uploads\/2019\/06\/Capture-d\u2019e\u0301cran-2019-06-07-a\u0300-21.45.40-676x491.png 676w\" sizes=\"(max-width: 709px) 100vw, 709px\" \/> <img loading=\"lazy\" class=\"alignnone size-full wp-image-92\" src=\"http:\/\/apparthotelmarseille.com\/wp-content\/uploads\/2019\/06\/Capture-d\u2019e\u0301cran-2019-06-07-a\u0300-21.46.13.png\" alt=\"\" width=\"710\" height=\"686\" srcset=\"https:\/\/apparthotelmarseille.com\/wp-content\/uploads\/2019\/06\/Capture-d\u2019e\u0301cran-2019-06-07-a\u0300-21.46.13.png 710w, https:\/\/apparthotelmarseille.com\/wp-content\/uploads\/2019\/06\/Capture-d\u2019e\u0301cran-2019-06-07-a\u0300-21.46.13-300x290.png 300w, https:\/\/apparthotelmarseille.com\/wp-content\/uploads\/2019\/06\/Capture-d\u2019e\u0301cran-2019-06-07-a\u0300-21.46.13-676x653.png 676w\" sizes=\"(max-width: 710px) 100vw, 710px\" \/> <img loading=\"lazy\" class=\"alignnone size-full wp-image-93\" src=\"http:\/\/apparthotelmarseille.com\/wp-content\/uploads\/2019\/06\/Capture-d\u2019e\u0301cran-2019-06-07-a\u0300-21.47.18.png\" alt=\"\" width=\"709\" height=\"711\" srcset=\"https:\/\/apparthotelmarseille.com\/wp-content\/uploads\/2019\/06\/Capture-d\u2019e\u0301cran-2019-06-07-a\u0300-21.47.18.png 709w, https:\/\/apparthotelmarseille.com\/wp-content\/uploads\/2019\/06\/Capture-d\u2019e\u0301cran-2019-06-07-a\u0300-21.47.18-150x150.png 150w, https:\/\/apparthotelmarseille.com\/wp-content\/uploads\/2019\/06\/Capture-d\u2019e\u0301cran-2019-06-07-a\u0300-21.47.18-300x300.png 300w, https:\/\/apparthotelmarseille.com\/wp-content\/uploads\/2019\/06\/Capture-d\u2019e\u0301cran-2019-06-07-a\u0300-21.47.18-676x678.png 676w\" sizes=\"(max-width: 709px) 100vw, 709px\" \/> <img loading=\"lazy\" class=\"alignnone size-full wp-image-94\" src=\"http:\/\/apparthotelmarseille.com\/wp-content\/uploads\/2019\/06\/Capture-d\u2019e\u0301cran-2019-06-07-a\u0300-21.47.39.png\" alt=\"\" width=\"710\" height=\"176\" srcset=\"https:\/\/apparthotelmarseille.com\/wp-content\/uploads\/2019\/06\/Capture-d\u2019e\u0301cran-2019-06-07-a\u0300-21.47.39.png 710w, https:\/\/apparthotelmarseille.com\/wp-content\/uploads\/2019\/06\/Capture-d\u2019e\u0301cran-2019-06-07-a\u0300-21.47.39-300x74.png 300w, https:\/\/apparthotelmarseille.com\/wp-content\/uploads\/2019\/06\/Capture-d\u2019e\u0301cran-2019-06-07-a\u0300-21.47.39-676x168.png 676w\" sizes=\"(max-width: 710px) 100vw, 710px\" \/> <img loading=\"lazy\" class=\"alignnone size-full wp-image-95\" src=\"http:\/\/apparthotelmarseille.com\/wp-content\/uploads\/2019\/06\/Capture-d\u2019e\u0301cran-2019-06-07-a\u0300-21.48.21.png\" alt=\"\" width=\"710\" height=\"767\" srcset=\"https:\/\/apparthotelmarseille.com\/wp-content\/uploads\/2019\/06\/Capture-d\u2019e\u0301cran-2019-06-07-a\u0300-21.48.21.png 710w, https:\/\/apparthotelmarseille.com\/wp-content\/uploads\/2019\/06\/Capture-d\u2019e\u0301cran-2019-06-07-a\u0300-21.48.21-278x300.png 278w, https:\/\/apparthotelmarseille.com\/wp-content\/uploads\/2019\/06\/Capture-d\u2019e\u0301cran-2019-06-07-a\u0300-21.48.21-676x730.png 676w\" sizes=\"(max-width: 710px) 100vw, 710px\" \/> <img loading=\"lazy\" class=\"alignnone size-full wp-image-96\" src=\"http:\/\/apparthotelmarseille.com\/wp-content\/uploads\/2019\/06\/Capture-d\u2019e\u0301cran-2019-06-07-a\u0300-21.48.57.png\" alt=\"\" width=\"709\" height=\"789\" srcset=\"https:\/\/apparthotelmarseille.com\/wp-content\/uploads\/2019\/06\/Capture-d\u2019e\u0301cran-2019-06-07-a\u0300-21.48.57.png 709w, https:\/\/apparthotelmarseille.com\/wp-content\/uploads\/2019\/06\/Capture-d\u2019e\u0301cran-2019-06-07-a\u0300-21.48.57-270x300.png 270w, https:\/\/apparthotelmarseille.com\/wp-content\/uploads\/2019\/06\/Capture-d\u2019e\u0301cran-2019-06-07-a\u0300-21.48.57-676x752.png 676w\" sizes=\"(max-width: 709px) 100vw, 709px\" \/><a href=\"https:\/\/www.airbnb.fr\/rooms\/23395033?wl_source=list&amp;wl_id=317842363&amp;role=wishlist_owner&amp;adults=1&amp;children=0&amp;infants=0&amp;source_impression_id=p3_1559927621_MXaRk47K65XaxT6C\">l&#8217;An\u00e9mone les pieds dans l&#8217;eau airbnb<\/a><\/h5>\n","protected":false},"excerpt":{"rendered":"<p>Voici les commentaires clients pr\u00e9sents sur les plateformes partenaires: l&#8217;An\u00e9mone les pieds dans l&#8217;eau airbnb<\/p>\n","protected":false},"author":1,"featured_media":0,"parent":0,"menu_order":0,"comment_status":"closed","ping_status":"closed","template":"","meta":[],"yoast_head":"<!-- This site is optimized with the Yoast SEO plugin v15.2 - https:\/\/yoast.com\/wordpress\/plugins\/seo\/ -->\n<title>Vos Commentaire - Meubl\u00e9 de tourisme AppartHotel \u00e0 Marseille l&#039;An\u00e9mone<\/title>\n<meta name=\"description\" content=\"Vos Commentaire - Meubl\u00e9 de tourisme AppartHotel \u00e0 Marseille l&#039;An\u00e9mone les pieds dans l&#039;eau confort et calme, \u00e9valuation, notation\" \/>\n<meta name=\"robots\" content=\"index, follow, max-snippet:-1, max-image-preview:large, max-video-preview:-1\" \/>\n<link rel=\"canonical\" href=\"https:\/\/apparthotelmarseille.com\/?page_id=83\" \/>\n<meta property=\"og:locale\" content=\"en_US\" \/>\n<meta property=\"og:type\" content=\"article\" \/>\n<meta property=\"og:title\" content=\"Vos Commentaire - Meubl\u00e9 de tourisme AppartHotel \u00e0 Marseille l&#039;An\u00e9mone\" \/>\n<meta property=\"og:description\" content=\"Vos Commentaire - Meubl\u00e9 de tourisme AppartHotel \u00e0 Marseille l&#039;An\u00e9mone les pieds dans l&#039;eau confort et calme, \u00e9valuation, notation\" \/>\n<meta property=\"og:url\" content=\"https:\/\/apparthotelmarseille.com\/?page_id=83\" \/>\n<meta property=\"og:site_name\" content=\"AppartHotel Marseille\" \/>\n<meta property=\"og:image\" content=\"http:\/\/apparthotelmarseille.com\/wp-content\/uploads\/2019\/06\/Capture-d\u2019e\u0301cran-2019-06-07-a\u0300-21.54.54.png\" \/>\n<meta name=\"twitter:card\" content=\"summary_large_image\" \/>\n<meta name=\"twitter:label1\" value=\"Written by\">\n\t<meta name=\"twitter:data1\" value=\"admin2046\">\n\t<meta name=\"twitter:label2\" value=\"Est. reading time\">\n\t<meta name=\"twitter:data2\" value=\"0 minutes\">\n<script type=\"application\/ld+json\" class=\"yoast-schema-graph\">{\"@context\":\"https:\/\/schema.org\",\"@graph\":[{\"@type\":\"WebSite\",\"@id\":\"http:\/\/apparthotelmarseille.com\/#website\",\"url\":\"http:\/\/apparthotelmarseille.com\/\",\"name\":\"AppartHotel Marseille\",\"description\":\"l&#039;An\\u00e9mone une exp\\u00e9rience unique pour votre s\\u00e9jour \\u00e0 Marseille\",\"potentialAction\":[{\"@type\":\"SearchAction\",\"target\":\"http:\/\/apparthotelmarseille.com\/?s={search_term_string}\",\"query-input\":\"required name=search_term_string\"}],\"inLanguage\":\"en-US\"},{\"@type\":\"ImageObject\",\"@id\":\"https:\/\/apparthotelmarseille.com\/?page_id=83#primaryimage\",\"inLanguage\":\"en-US\",\"url\":\"http:\/\/apparthotelmarseille.com\/wp-content\/uploads\/2019\/06\/Capture-d\\u2019e\\u0301cran-2019-06-07-a\\u0300-21.54.54.png\"},{\"@type\":\"WebPage\",\"@id\":\"https:\/\/apparthotelmarseille.com\/?page_id=83#webpage\",\"url\":\"https:\/\/apparthotelmarseille.com\/?page_id=83\",\"name\":\"Vos Commentaire - Meubl\\u00e9 de tourisme AppartHotel \\u00e0 Marseille l'An\\u00e9mone\",\"isPartOf\":{\"@id\":\"http:\/\/apparthotelmarseille.com\/#website\"},\"primaryImageOfPage\":{\"@id\":\"https:\/\/apparthotelmarseille.com\/?page_id=83#primaryimage\"},\"datePublished\":\"2019-06-07T20:18:58+00:00\",\"dateModified\":\"2019-06-07T20:18:58+00:00\",\"description\":\"Vos Commentaire - Meubl\\u00e9 de tourisme AppartHotel \\u00e0 Marseille l'An\\u00e9mone les pieds dans l'eau confort et calme, \\u00e9valuation, notation\",\"inLanguage\":\"en-US\",\"potentialAction\":[{\"@type\":\"ReadAction\",\"target\":[\"https:\/\/apparthotelmarseille.com\/?page_id=83\"]}]}]}<\/script>\n<!-- \/ Yoast SEO plugin. -->","_links":{"self":[{"href":"https:\/\/apparthotelmarseille.com\/index.php?rest_route=\/wp\/v2\/pages\/83"}],"collection":[{"href":"https:\/\/apparthotelmarseille.com\/index.php?rest_route=\/wp\/v2\/pages"}],"about":[{"href":"https:\/\/apparthotelmarseille.com\/index.php?rest_route=\/wp\/v2\/types\/page"}],"author":[{"embeddable":true,"href":"https:\/\/apparthotelmarseille.com\/index.php?rest_route=\/wp\/v2\/users\/1"}],"replies":[{"embeddable":true,"href":"https:\/\/apparthotelmarseille.com\/index.php?rest_route=%2Fwp%2Fv2%2Fcomments&post=83"}],"version-history":[{"count":1,"href":"https:\/\/apparthotelmarseille.com\/index.php?rest_route=\/wp\/v2\/pages\/83\/revisions"}],"predecessor-version":[{"id":98,"href":"https:\/\/apparthotelmarseille.com\/index.php?rest_route=\/wp\/v2\/pages\/83\/revisions\/98"}],"wp:attachment":[{"href":"https:\/\/apparthotelmarseille.com\/index.php?rest_route=%2Fwp%2Fv2%2Fmedia&parent=83"}],"curies":[{"name":"wp","href":"https:\/\/api.w.org\/{rel}","templated":true}]}}